{"id":15665,"date":"2025-09-03T11:13:01","date_gmt":"2025-09-03T11:13:01","guid":{"rendered":"https:\/\/www.deag.de\/?page_id=15665"},"modified":"2025-10-17T13:02:25","modified_gmt":"2025-10-17T13:02:25","slug":"bond-chart","status":"publish","type":"page","link":"https:\/\/www.deag.de\/en\/investor-relations\/corporate-bond\/corporate-bond-2025-2029-nordic-bond\/bond-chart\/","title":{"rendered":"Bond Chart"},"content":{"rendered":"<p><div class=\"fusion-fullwidth fullwidth-box fusion-builder-row-1 fusion-flex-container has-pattern-background has-mask-background nonhundred-percent-fullwidth non-hundred-percent-height-scrolling\" style=\"--awb-border-radius-top-left:0px;--awb-border-radius-top-right:0px;--awb-border-radius-bottom-right:0px;--awb-border-radius-bottom-left:0px;--awb-margin-top:10px;--awb-flex-wrap:wrap;\" ><div class=\"fusion-builder-row fusion-row fusion-flex-align-items-flex-start fusion-flex-content-wrap\" style=\"max-width:1372.8px;margin-left: calc(-4% \/ 2 );margin-right: calc(-4% \/ 2 );\"><div class=\"fusion-layout-column fusion_builder_column fusion-builder-column-0 fusion_builder_column_1_1 1_1 fusion-flex-column\" style=\"--awb-padding-top:30px;--awb-padding-bottom:30px;--awb-padding-top-medium:20px;--awb-padding-top-small:40px;--awb-padding-bottom-small:20px;--awb-bg-size:cover;--awb-width-large:100%;--awb-margin-top-large:0px;--awb-spacing-right-large:1.92%;--awb-margin-bottom-large:20px;--awb-spacing-left-large:1.92%;--awb-width-medium:100%;--awb-order-medium:0;--awb-margin-top-medium:30px;--awb-spacing-right-medium:1.92%;--awb-spacing-left-medium:1.92%;--awb-width-small:100%;--awb-order-small:0;--awb-margin-top-small:15px;--awb-spacing-right-small:1.92%;--awb-spacing-left-small:1.92%;\"><div class=\"fusion-column-wrapper fusion-column-has-shadow fusion-flex-justify-content-flex-start fusion-content-layout-column\"><nav class=\"fusion-breadcrumbs awb-yoast-breadcrumbs fusion-breadcrumbs-1 deag-breadcrumb\" style=\"--awb-alignment:left;--awb-text-color:var(--awb-color7);--awb-breadcrumb-sep:&#039;\/&#039;;text-align:left;\" aria-label=\"Breadcrumb\"><ol class=\"awb-breadcrumb-list\"><li class=\"fusion-breadcrumb-item awb-breadcrumb-sep awb-home\" ><a href=\"https:\/\/www.deag.de\/en\/\" class=\"fusion-breadcrumb-link\"><span >Home<\/span><\/a><\/li><\/ol><\/nav><script>\njQuery( \".deag-breadcrumb .fusion-breadcrumb-sep\" ).addClass( \"fa-arrow-right fas button-icon-center\" );\n<\/script> <\/div><\/div><\/div><\/div>\n<div class=\"fusion-fullwidth fullwidth-box fusion-builder-row-2 fusion-flex-container has-pattern-background has-mask-background nonhundred-percent-fullwidth non-hundred-percent-height-scrolling\" style=\"--awb-border-radius-top-left:0px;--awb-border-radius-top-right:0px;--awb-border-radius-bottom-right:0px;--awb-border-radius-bottom-left:0px;--awb-margin-bottom:50px;--awb-margin-bottom-small:30px;--awb-flex-wrap:wrap;\" ><div class=\"fusion-builder-row fusion-row fusion-flex-align-items-flex-start fusion-flex-content-wrap\" style=\"max-width:1372.8px;margin-left: calc(-4% \/ 2 );margin-right: calc(-4% \/ 2 );\"><div class=\"fusion-layout-column fusion_builder_column fusion-builder-column-1 fusion_builder_column_1_1 1_1 fusion-flex-column fusion-flex-align-self-center\" style=\"--awb-padding-right:100px;--awb-padding-left:100px;--awb-padding-right-medium:20px;--awb-padding-left-medium:20px;--awb-padding-right-small:0px;--awb-padding-left-small:0px;--awb-bg-size:cover;--awb-width-large:100%;--awb-margin-top-large:0px;--awb-spacing-right-large:0px;--awb-margin-bottom-large:20px;--awb-spacing-left-large:0px;--awb-width-medium:100%;--awb-order-medium:0;--awb-spacing-right-medium:0px;--awb-spacing-left-medium:0px;--awb-width-small:100%;--awb-order-small:0;--awb-spacing-right-small:1.92%;--awb-spacing-left-small:1.92%;\"><div class=\"fusion-column-wrapper fusion-column-has-shadow fusion-flex-justify-content-flex-start fusion-content-layout-column\"><div class=\"fusion-title title fusion-title-1 fusion-sep-none fusion-title-center fusion-title-text fusion-title-size-one\" style=\"--awb-text-color:var(--awb-color3);--awb-margin-bottom:50px;--awb-margin-top-small:10px;--awb-margin-right-small:0px;--awb-margin-bottom-small:20px;--awb-margin-left-small:0px;--awb-margin-bottom-medium:40px;--awb-font-size:50px;\"><h1 class=\"fusion-title-heading title-heading-center fusion-responsive-typography-calculated\" style=\"font-family:var(--awb-typography2-font-family);font-weight:var(--awb-typography2-font-weight);font-style:var(--awb-typography2-font-style);margin:0;text-transform:uppercase;font-size:1em;--fontSize:50;line-height:var(--awb-typography1-line-height);\">Bond-Chart<\/h1><\/div><\/div><\/div><\/div><\/div><div class=\"fusion-fullwidth fullwidth-box fusion-builder-row-3 fusion-flex-container has-pattern-background has-mask-background nonhundred-percent-fullwidth non-hundred-percent-height-scrolling\" style=\"--awb-border-radius-top-left:0px;--awb-border-radius-top-right:0px;--awb-border-radius-bottom-right:0px;--awb-border-radius-bottom-left:0px;--awb-padding-bottom:30px;--awb-padding-bottom-medium:20px;--awb-padding-bottom-small:10px;--awb-margin-top:50px;--awb-margin-top-medium:40px;--awb-margin-top-small:20px;--awb-flex-wrap:wrap;\" ><div class=\"fusion-builder-row fusion-row fusion-flex-align-items-center fusion-flex-justify-content-center fusion-flex-content-wrap\" style=\"max-width:1372.8px;margin-left: calc(-4% \/ 2 );margin-right: calc(-4% \/ 2 );\"><div class=\"fusion-layout-column fusion_builder_column fusion-builder-column-2 fusion_builder_column_1_6 1_6 fusion-flex-column fusion-flex-align-self-stretch deag-link-cursor\" style=\"--awb-bg-size:cover;--awb-border-color:var(--awb-color8);--awb-border-style:solid;--awb-width-large:16.666666666667%;--awb-margin-top-large:0px;--awb-spacing-right-large:11.52%;--awb-margin-bottom-large:20px;--awb-spacing-left-large:11.52%;--awb-width-medium:16.666666666667%;--awb-order-medium:0;--awb-spacing-right-medium:11.52%;--awb-spacing-left-medium:11.52%;--awb-width-small:50%;--awb-order-small:0;--awb-spacing-right-small:3.84%;--awb-spacing-left-small:3.84%;\"><div class=\"fusion-column-wrapper fusion-column-has-shadow fusion-flex-justify-content-flex-end fusion-content-layout-column\"><div style=\"text-align:center;\"><a class=\"fusion-button button-flat fusion-button-default-size button-custom fusion-button-default button-1 fusion-button-default-span fusion-button-default-type\" style=\"--awb-padding-top:0px;--awb-padding-right:0px;--awb-padding-bottom:0px;--awb-padding-left:0px;--button_accent_color:var(--awb-color3);--button_border_color:var(--awb-color8);--button_accent_hover_color:var(--awb-color5);--button_border_hover_color:var(--awb-color8);--button-border-radius-top-left:0;--button-border-radius-top-right:0;--button-border-radius-bottom-right:0;--button-border-radius-bottom-left:0;--button_gradient_angle:115deg;--button_gradient_top_color:var(--awb-color1);--button_gradient_bottom_color:var(--awb-color1);--button_gradient_top_color_hover:var(--awb-color1);--button_gradient_bottom_color_hover:var(--awb-color1);--button_text_transform:uppercase;--button_font_size:16px;--button_line_height:1.2;--button_typography-font-family:var(--awb-typography2-font-family);--button_typography-font-weight:var(--awb-typography2-font-weight);--button_typography-font-style:var(--awb-typography2-font-style);\" target=\"_self\" href=\"https:\/\/www.deag.de\/en\/investor-relations\/corporate-bond\/corporate-bond-2025-2029-nordic-bond\/\"><span class=\"fusion-button-text awb-button__text awb-button__text--default\">Basic-Data*<\/span><\/a><\/div><div class=\"fusion-separator fusion-full-width-sep\" style=\"align-self: center;margin-left: auto;margin-right: auto;margin-top:10px;width:100%;\"><div class=\"fusion-separator-border sep-single sep-solid\" style=\"--awb-height:20px;--awb-amount:20px;--awb-sep-color:var(--awb-color4);border-color:var(--awb-color4);border-top-width:1px;\"><\/div><\/div><\/div><\/div><div class=\"fusion-layout-column fusion_builder_column fusion-builder-column-3 fusion_builder_column_1_6 1_6 fusion-flex-column\" style=\"--awb-bg-size:cover;--awb-border-color:var(--awb-color8);--awb-border-style:solid;--awb-width-large:16.666666666667%;--awb-margin-top-large:0px;--awb-spacing-right-large:11.52%;--awb-margin-bottom-large:20px;--awb-spacing-left-large:11.52%;--awb-width-medium:16.666666666667%;--awb-order-medium:0;--awb-spacing-right-medium:11.52%;--awb-spacing-left-medium:11.52%;--awb-width-small:50%;--awb-order-small:0;--awb-spacing-right-small:3.84%;--awb-spacing-left-small:3.84%;\"><div class=\"fusion-column-wrapper fusion-column-has-shadow fusion-flex-justify-content-center fusion-content-layout-column\"><div style=\"text-align:center;\"><a class=\"fusion-button button-flat fusion-button-default-size button-custom fusion-button-default button-2 fusion-button-default-span fusion-button-default-type\" style=\"--awb-padding-top:0px;--awb-padding-right:0px;--awb-padding-bottom:0px;--awb-padding-left:0px;--button_accent_color:var(--awb-color5);--button_border_color:var(--awb-color8);--button_accent_hover_color:var(--awb-color5);--button_border_hover_color:var(--awb-color8);--button-border-radius-top-left:0;--button-border-radius-top-right:0;--button-border-radius-bottom-right:0;--button-border-radius-bottom-left:0;--button_gradient_angle:115deg;--button_gradient_top_color:var(--awb-color8);--button_gradient_bottom_color:var(--awb-color8);--button_gradient_top_color_hover:var(--awb-color8);--button_gradient_bottom_color_hover:var(--awb-color8);--button_text_transform:uppercase;--button_font_size:16px;--button_line_height:1.2;--button_typography-font-family:var(--awb-typography2-font-family);--button_typography-font-weight:var(--awb-typography2-font-weight);--button_typography-font-style:var(--awb-typography2-font-style);\" target=\"_self\"><span class=\"fusion-button-text awb-button__text awb-button__text--default\">Bond-Chart<\/span><\/a><\/div><div class=\"fusion-separator fusion-full-width-sep\" style=\"align-self: center;margin-left: auto;margin-right: auto;margin-top:10px;width:100%;\"><div class=\"fusion-separator-border sep-single sep-solid\" style=\"--awb-height:20px;--awb-amount:20px;--awb-sep-color:var(--awb-color4);border-color:var(--awb-color4);border-top-width:1px;\"><\/div><\/div><\/div><\/div><\/div><\/div><div class=\"fusion-fullwidth fullwidth-box fusion-builder-row-4 fusion-flex-container has-pattern-background has-mask-background nonhundred-percent-fullwidth non-hundred-percent-height-scrolling\" style=\"--awb-border-radius-top-left:0px;--awb-border-radius-top-right:0px;--awb-border-radius-bottom-right:0px;--awb-border-radius-bottom-left:0px;--awb-flex-wrap:wrap;\" ><div class=\"fusion-builder-row fusion-row fusion-flex-align-items-center fusion-flex-justify-content-center fusion-flex-content-wrap\" style=\"max-width:1372.8px;margin-left: calc(-4% \/ 2 );margin-right: calc(-4% \/ 2 );\"><div class=\"fusion-layout-column fusion_builder_column fusion-builder-column-4 fusion_builder_column_2_3 2_3 fusion-flex-column fusion-flex-align-self-center\" style=\"--awb-bg-size:cover;--awb-width-large:66.666666666667%;--awb-margin-top-large:0px;--awb-spacing-right-large:2.88%;--awb-margin-bottom-large:100px;--awb-spacing-left-large:2.88%;--awb-width-medium:66.666666666667%;--awb-order-medium:0;--awb-spacing-right-medium:2.88%;--awb-margin-bottom-medium:60px;--awb-spacing-left-medium:2.88%;--awb-width-small:100%;--awb-order-small:0;--awb-spacing-right-small:1.92%;--awb-margin-bottom-small:50px;--awb-spacing-left-small:1.92%;\" data-scroll-devices=\"small-visibility,medium-visibility,large-visibility\"><div class=\"fusion-column-wrapper fusion-column-has-shadow fusion-flex-justify-content-flex-start fusion-content-layout-column\"><!-- TradingView Widget BEGIN -->\n<div class=\"tradingview-widget-container\">\n  <div class=\"tradingview-widget-container__widget\"><\/div>\n  <div class=\"tradingview-widget-copyright\"><a href=\"https:\/\/www.tradingview.com\/symbols\/TRADEGATE-NO1363911\/\" rel=\"noopener nofollow\" target=\"_blank\"><span class=\"blue-text\">NO1363911 bonds<\/span><\/a><span class=\"trademark\">\u00a0by TradingView<\/span><\/div>\n  <script type=\"text\/javascript\" src=\"https:\/\/s3.tradingview.com\/external-embedding\/embed-widget-symbol-overview.js\" async>\n  {\n  \"lineWidth\": 2,\n  \"lineType\": 0,\n  \"chartType\": \"area\",\n  \"fontColor\": \"rgb(106, 109, 120)\",\n  \"gridLineColor\": \"rgba(255, 255, 255, 0.06)\",\n  \"volumeUpColor\": \"rgba(34, 171, 148, 0.5)\",\n  \"volumeDownColor\": \"rgba(247, 82, 95, 0.5)\",\n  \"backgroundColor\": \"#ffffff\",\n  \"widgetFontColor\": \"#0F0F0F\",\n  \"upColor\": \"#22ab94\",\n  \"downColor\": \"#f7525f\",\n  \"borderUpColor\": \"#22ab94\",\n  \"borderDownColor\": \"#f7525f\",\n  \"wickUpColor\": \"#22ab94\",\n  \"wickDownColor\": \"#f7525f\",\n  \"colorTheme\": \"light\",\n  \"isTransparent\": false,\n  \"locale\": \"en\",\n  \"chartOnly\": false,\n  \"scalePosition\": \"right\",\n  \"scaleMode\": \"Normal\",\n  \"fontFamily\": \"-apple-system, BlinkMacSystemFont, Trebuchet MS, Roboto, Ubuntu, sans-serif\",\n  \"valuesTracking\": \"1\",\n  \"changeMode\": \"price-and-percent\",\n  \"symbols\": [\n    [\n      \"TRADEGATE:NO1363911|1M\"\n    ]\n  ],\n  \"dateRanges\": [\n    \"1d|1\",\n    \"1m|30\",\n    \"3m|60\",\n    \"12m|1D\",\n    \"60m|1W\",\n    \"all|1M\"\n  ],\n  \"fontSize\": \"10\",\n  \"headerFontSize\": \"medium\",\n  \"autosize\": true,\n  \"timeHoursFormat\": \"24-hours\",\n  \"dateFormat\": \"qq 'yy\",\n  \"width\": \"100%\",\n  \"height\": 500,\n  \"noTimeScale\": false,\n  \"hideDateRanges\": false,\n  \"hideMarketStatus\": false,\n  \"hideSymbolLogo\": false\n}\n  <\/script>\n<\/div>\n<!-- TradingView Widget END -->\n\n<style>\n  .tradingview-widget-container {\n    width: 100%;\n    max-width: 100%;\n    height: 60vh;   \/* passt sich der Bildschirmh\u00f6he an (z. B. 60% H\u00f6he) *\/\n    min-height: 350px; \/* optional f\u00fcr Mindestgr\u00f6\u00dfe *\/\n  }\n  .tradingview-widget-container__widget {\n    width: 100%;\n    height: 100%;\n  }\n<\/style><\/div><\/div><\/div><\/div><\/p>\n","protected":false},"excerpt":{"rendered":"","protected":false},"author":1,"featured_media":0,"parent":15068,"menu_order":0,"comment_status":"closed","ping_status":"closed","template":"100-width.php","meta":{"footnotes":""},"class_list":["post-15665","page","type-page","status-publish","hentry"],"yoast_head":"<!-- This site is optimized with the Yoast SEO plugin v27.4 - https:\/\/yoast.com\/product\/yoast-seo-wordpress\/ -->\n<title>Bond Chart - DEAG Entertainment<\/title>\n<meta name=\"robots\" content=\"index, follow, max-snippet:-1, max-image-preview:large, max-video-preview:-1\" \/>\n<link rel=\"canonical\" href=\"https:\/\/www.deag.de\/en\/investor-relations\/corporate-bond\/corporate-bond-2025-2029-nordic-bond\/bond-chart\/\" \/>\n<meta property=\"og:locale\" content=\"en_US\" \/>\n<meta property=\"og:type\" content=\"article\" \/>\n<meta property=\"og:title\" content=\"Bond Chart - DEAG Entertainment\" \/>\n<meta property=\"og:url\" content=\"https:\/\/www.deag.de\/en\/investor-relations\/corporate-bond\/corporate-bond-2025-2029-nordic-bond\/bond-chart\/\" \/>\n<meta property=\"og:site_name\" content=\"DEAG Entertainment\" \/>\n<meta property=\"article:modified_time\" content=\"2025-10-17T13:02:25+00:00\" \/>\n<meta name=\"twitter:card\" content=\"summary_large_image\" \/>\n<meta name=\"twitter:label1\" content=\"Est. reading time\" \/>\n\t<meta name=\"twitter:data1\" content=\"1 minute\" \/>\n<script type=\"application\/ld+json\" class=\"yoast-schema-graph\">{\"@context\":\"https:\\\/\\\/schema.org\",\"@graph\":[{\"@type\":\"WebPage\",\"@id\":\"https:\\\/\\\/www.deag.de\\\/en\\\/investor-relations\\\/corporate-bond\\\/corporate-bond-2025-2029-nordic-bond\\\/bond-chart\\\/\",\"url\":\"https:\\\/\\\/www.deag.de\\\/en\\\/investor-relations\\\/corporate-bond\\\/corporate-bond-2025-2029-nordic-bond\\\/bond-chart\\\/\",\"name\":\"Bond Chart - DEAG Entertainment\",\"isPartOf\":{\"@id\":\"https:\\\/\\\/www.deag.de\\\/#website\"},\"datePublished\":\"2025-09-03T11:13:01+00:00\",\"dateModified\":\"2025-10-17T13:02:25+00:00\",\"breadcrumb\":{\"@id\":\"https:\\\/\\\/www.deag.de\\\/en\\\/investor-relations\\\/corporate-bond\\\/corporate-bond-2025-2029-nordic-bond\\\/bond-chart\\\/#breadcrumb\"},\"inLanguage\":\"en-US\",\"potentialAction\":[{\"@type\":\"ReadAction\",\"target\":[\"https:\\\/\\\/www.deag.de\\\/en\\\/investor-relations\\\/corporate-bond\\\/corporate-bond-2025-2029-nordic-bond\\\/bond-chart\\\/\"]}]},{\"@type\":\"BreadcrumbList\",\"@id\":\"https:\\\/\\\/www.deag.de\\\/en\\\/investor-relations\\\/corporate-bond\\\/corporate-bond-2025-2029-nordic-bond\\\/bond-chart\\\/#breadcrumb\",\"itemListElement\":[{\"@type\":\"ListItem\",\"position\":1,\"name\":\"Home\",\"item\":\"https:\\\/\\\/www.deag.de\\\/en\\\/\"},{\"@type\":\"ListItem\",\"position\":2,\"name\":\"Investor Relations\",\"item\":\"https:\\\/\\\/www.deag.de\\\/en\\\/investor-relations\\\/\"},{\"@type\":\"ListItem\",\"position\":3,\"name\":\"Corporate Bond\",\"item\":\"https:\\\/\\\/www.deag.de\\\/en\\\/investor-relations\\\/corporate-bond\\\/\"},{\"@type\":\"ListItem\",\"position\":4,\"name\":\"Corporate Bond 2025\\\/2029 (Nordic Bond)\",\"item\":\"https:\\\/\\\/www.deag.de\\\/en\\\/investor-relations\\\/corporate-bond\\\/corporate-bond-2025-2029-nordic-bond\\\/\"},{\"@type\":\"ListItem\",\"position\":5,\"name\":\"Bond Chart\"}]},{\"@type\":\"WebSite\",\"@id\":\"https:\\\/\\\/www.deag.de\\\/#website\",\"url\":\"https:\\\/\\\/www.deag.de\\\/\",\"name\":\"DEAG Entertainment\",\"description\":\"\",\"potentialAction\":[{\"@type\":\"SearchAction\",\"target\":{\"@type\":\"EntryPoint\",\"urlTemplate\":\"https:\\\/\\\/www.deag.de\\\/?s={search_term_string}\"},\"query-input\":{\"@type\":\"PropertyValueSpecification\",\"valueRequired\":true,\"valueName\":\"search_term_string\"}}],\"inLanguage\":\"en-US\"}]}<\/script>\n<!-- \/ Yoast SEO plugin. -->","yoast_head_json":{"title":"Bond Chart - DEAG Entertainment","robots":{"index":"index","follow":"follow","max-snippet":"max-snippet:-1","max-image-preview":"max-image-preview:large","max-video-preview":"max-video-preview:-1"},"canonical":"https:\/\/www.deag.de\/en\/investor-relations\/corporate-bond\/corporate-bond-2025-2029-nordic-bond\/bond-chart\/","og_locale":"en_US","og_type":"article","og_title":"Bond Chart - DEAG Entertainment","og_url":"https:\/\/www.deag.de\/en\/investor-relations\/corporate-bond\/corporate-bond-2025-2029-nordic-bond\/bond-chart\/","og_site_name":"DEAG Entertainment","article_modified_time":"2025-10-17T13:02:25+00:00","twitter_card":"summary_large_image","twitter_misc":{"Est. reading time":"1 minute"},"schema":{"@context":"https:\/\/schema.org","@graph":[{"@type":"WebPage","@id":"https:\/\/www.deag.de\/en\/investor-relations\/corporate-bond\/corporate-bond-2025-2029-nordic-bond\/bond-chart\/","url":"https:\/\/www.deag.de\/en\/investor-relations\/corporate-bond\/corporate-bond-2025-2029-nordic-bond\/bond-chart\/","name":"Bond Chart - DEAG Entertainment","isPartOf":{"@id":"https:\/\/www.deag.de\/#website"},"datePublished":"2025-09-03T11:13:01+00:00","dateModified":"2025-10-17T13:02:25+00:00","breadcrumb":{"@id":"https:\/\/www.deag.de\/en\/investor-relations\/corporate-bond\/corporate-bond-2025-2029-nordic-bond\/bond-chart\/#breadcrumb"},"inLanguage":"en-US","potentialAction":[{"@type":"ReadAction","target":["https:\/\/www.deag.de\/en\/investor-relations\/corporate-bond\/corporate-bond-2025-2029-nordic-bond\/bond-chart\/"]}]},{"@type":"BreadcrumbList","@id":"https:\/\/www.deag.de\/en\/investor-relations\/corporate-bond\/corporate-bond-2025-2029-nordic-bond\/bond-chart\/#breadcrumb","itemListElement":[{"@type":"ListItem","position":1,"name":"Home","item":"https:\/\/www.deag.de\/en\/"},{"@type":"ListItem","position":2,"name":"Investor Relations","item":"https:\/\/www.deag.de\/en\/investor-relations\/"},{"@type":"ListItem","position":3,"name":"Corporate Bond","item":"https:\/\/www.deag.de\/en\/investor-relations\/corporate-bond\/"},{"@type":"ListItem","position":4,"name":"Corporate Bond 2025\/2029 (Nordic Bond)","item":"https:\/\/www.deag.de\/en\/investor-relations\/corporate-bond\/corporate-bond-2025-2029-nordic-bond\/"},{"@type":"ListItem","position":5,"name":"Bond Chart"}]},{"@type":"WebSite","@id":"https:\/\/www.deag.de\/#website","url":"https:\/\/www.deag.de\/","name":"DEAG Entertainment","description":"","potentialAction":[{"@type":"SearchAction","target":{"@type":"EntryPoint","urlTemplate":"https:\/\/www.deag.de\/?s={search_term_string}"},"query-input":{"@type":"PropertyValueSpecification","valueRequired":true,"valueName":"search_term_string"}}],"inLanguage":"en-US"}]}},"_links":{"self":[{"href":"https:\/\/www.deag.de\/en\/wp-json\/wp\/v2\/pages\/15665","targetHints":{"allow":["GET"]}}],"collection":[{"href":"https:\/\/www.deag.de\/en\/wp-json\/wp\/v2\/pages"}],"about":[{"href":"https:\/\/www.deag.de\/en\/wp-json\/wp\/v2\/types\/page"}],"author":[{"embeddable":true,"href":"https:\/\/www.deag.de\/en\/wp-json\/wp\/v2\/users\/1"}],"replies":[{"embeddable":true,"href":"https:\/\/www.deag.de\/en\/wp-json\/wp\/v2\/comments?post=15665"}],"version-history":[{"count":8,"href":"https:\/\/www.deag.de\/en\/wp-json\/wp\/v2\/pages\/15665\/revisions"}],"predecessor-version":[{"id":15678,"href":"https:\/\/www.deag.de\/en\/wp-json\/wp\/v2\/pages\/15665\/revisions\/15678"}],"up":[{"embeddable":true,"href":"https:\/\/www.deag.de\/en\/wp-json\/wp\/v2\/pages\/15068"}],"wp:attachment":[{"href":"https:\/\/www.deag.de\/en\/wp-json\/wp\/v2\/media?parent=15665"}],"curies":[{"name":"wp","href":"https:\/\/api.w.org\/{rel}","templated":true}]}}