{"id":1673,"date":"2022-10-07T14:27:16","date_gmt":"2022-10-07T14:27:16","guid":{"rendered":"http:\/\/www.deag.de\/imprint\/"},"modified":"2025-06-18T10:17:43","modified_gmt":"2025-06-18T10:17:43","slug":"imprint","status":"publish","type":"page","link":"https:\/\/www.deag.de\/en\/imprint\/","title":{"rendered":"Impressum"},"content":{"rendered":"<p><div class=\"fusion-fullwidth fullwidth-box fusion-builder-row-1 fusion-flex-container has-pattern-background has-mask-background nonhundred-percent-fullwidth non-hundred-percent-height-scrolling\" style=\"--awb-border-radius-top-left:0px;--awb-border-radius-top-right:0px;--awb-border-radius-bottom-right:0px;--awb-border-radius-bottom-left:0px;--awb-margin-top:10px;--awb-flex-wrap:wrap;\" ><div class=\"fusion-builder-row fusion-row fusion-flex-align-items-flex-start fusion-flex-content-wrap\" style=\"max-width:1372.8px;margin-left: calc(-4% \/ 2 );margin-right: calc(-4% \/ 2 );\"><div class=\"fusion-layout-column fusion_builder_column fusion-builder-column-0 fusion_builder_column_1_1 1_1 fusion-flex-column\" style=\"--awb-padding-top:30px;--awb-padding-bottom:30px;--awb-padding-top-medium:20px;--awb-padding-top-small:40px;--awb-padding-bottom-small:20px;--awb-bg-size:cover;--awb-width-large:100%;--awb-margin-top-large:0px;--awb-spacing-right-large:1.92%;--awb-margin-bottom-large:20px;--awb-spacing-left-large:1.92%;--awb-width-medium:100%;--awb-order-medium:0;--awb-margin-top-medium:30px;--awb-spacing-right-medium:1.92%;--awb-spacing-left-medium:1.92%;--awb-width-small:100%;--awb-order-small:0;--awb-margin-top-small:15px;--awb-spacing-right-small:1.92%;--awb-spacing-left-small:1.92%;\"><div class=\"fusion-column-wrapper fusion-column-has-shadow fusion-flex-justify-content-flex-start fusion-content-layout-column\"><nav class=\"fusion-breadcrumbs awb-yoast-breadcrumbs fusion-breadcrumbs-1 deag-breadcrumb\" style=\"--awb-alignment:left;--awb-text-color:var(--awb-color7);--awb-breadcrumb-sep:&#039;\/&#039;;text-align:left;\" aria-label=\"Breadcrumb\"><ol class=\"awb-breadcrumb-list\"><li class=\"fusion-breadcrumb-item awb-breadcrumb-sep awb-home\" ><a href=\"https:\/\/www.deag.de\/en\/\" class=\"fusion-breadcrumb-link\"><span >Home<\/span><\/a><\/li><\/ol><\/nav><script>\njQuery( \".deag-breadcrumb .fusion-breadcrumb-sep\" ).addClass( \"fa-arrow-right fas button-icon-center\" );\n<\/script> <\/div><\/div><\/div><\/div>\n<div class=\"fusion-fullwidth fullwidth-box fusion-builder-row-2 fusion-flex-container nonhundred-percent-fullwidth non-hundred-percent-height-scrolling\" style=\"--awb-border-radius-top-left:0px;--awb-border-radius-top-right:0px;--awb-border-radius-bottom-right:0px;--awb-border-radius-bottom-left:0px;--awb-margin-bottom:50px;--awb-margin-bottom-small:30px;--awb-flex-wrap:wrap;\" ><div class=\"fusion-builder-row fusion-row fusion-flex-align-items-flex-start fusion-flex-content-wrap\" style=\"max-width:1372.8px;margin-left: calc(-4% \/ 2 );margin-right: calc(-4% \/ 2 );\"><div class=\"fusion-layout-column fusion_builder_column fusion-builder-column-1 fusion_builder_column_1_1 1_1 fusion-flex-column fusion-flex-align-self-center\" style=\"--awb-padding-right:100px;--awb-padding-left:100px;--awb-padding-right-medium:20px;--awb-padding-left-medium:20px;--awb-padding-right-small:0px;--awb-padding-left-small:0px;--awb-bg-size:cover;--awb-width-large:100%;--awb-margin-top-large:0px;--awb-spacing-right-large:0px;--awb-margin-bottom-large:20px;--awb-spacing-left-large:0px;--awb-width-medium:100%;--awb-order-medium:0;--awb-spacing-right-medium:0px;--awb-spacing-left-medium:0px;--awb-width-small:100%;--awb-order-small:0;--awb-spacing-right-small:1.92%;--awb-spacing-left-small:1.92%;\"><div class=\"fusion-column-wrapper fusion-column-has-shadow fusion-flex-justify-content-flex-start fusion-content-layout-column\"><div class=\"fusion-title title fusion-title-1 fusion-sep-none fusion-title-center fusion-title-text fusion-title-size-one fusion-animated\" style=\"--awb-text-color:var(--awb-color3);--awb-margin-bottom:50px;--awb-margin-top-small:10px;--awb-margin-right-small:0px;--awb-margin-bottom-small:20px;--awb-margin-left-small:0px;--awb-margin-bottom-medium:40px;--awb-font-size:70px;\" data-animationType=\"fadeInLeft\" data-animationDuration=\"0.3\" data-animationOffset=\"top-into-view\"><h1 class=\"fusion-title-heading title-heading-center fusion-responsive-typography-calculated\" style=\"font-family:var(--awb-typography2-font-family);font-weight:var(--awb-typography2-font-weight);font-style:var(--awb-typography2-font-style);margin:0;text-transform:uppercase;font-size:1em;--fontSize:70;line-height:var(--awb-typography1-line-height);\">Impressum<\/h1><\/div><div class=\"fusion-text fusion-text-1 fusion-animated\" style=\"--awb-font-size:18px;\" data-animationType=\"fadeInLeft\" data-animationDuration=\"0.3\" data-animationOffset=\"top-into-view\"><p>Die DEAG Deutsche Entertainment Aktiengesellschaft betreibt die folgenden Internetangebote:<\/p>\n<p><a href=\"http:\/\/www.deag.de\">www.deag.de<\/a><br \/>\n<a href=\"http:\/\/m.deag.de\">m.deag.de<\/a><br \/>\n<a href=\"http:\/\/www.deag.com\">www.deag.com<br \/>\n<\/a><a href=\"http:\/\/classicalcompany.ch\/\">www.classicalcompany.ch<\/a><\/p>\n<p>Die hier folgenden Internetseiten der DEAG-Gruppe werden von der Raumzwo GmbH | Erkelenzdamm 59\/61 | 10999 Berlin betreut:<\/p>\n<p><a href=\"http:\/\/www.elbklassik.de\">www.elbklassik.de<\/a><br \/>\n<a href=\"http:\/\/www.goodnews.ch\">www.goodnews.ch<\/a><br \/>\n<a href=\"http:\/\/www.jahrhunderthalle.de\">www.jahrhunderthalle.de<\/a><br \/>\n<a href=\"http:\/\/www.river-concerts.de\">www.riverconcerts.de<\/a><br \/>\n<a href=\"http:\/\/www.concert-concept.de\">www.concert-concept.de<\/a><\/p>\n<p><strong>Diensteanbieter i.S.v. \u00a7 5 TMG<\/strong><br \/>\nDEAG Deutsche Entertainment Aktiengesellschaft<br \/>\nPotsdamer Stra\u00dfe 58<br \/>\n10785 Berlin<br \/>\nHandelsregister:<br \/>\nAmtsgericht Berlin-Charlottenburg,<br \/>\nHRB 69474<br \/>\nUmsatzsteuer-Identifikationsnummer:<br \/>\nDE 193569522<\/p>\n<p><strong>Vorstand<\/strong><br \/>\nDetlef Kornett (CEO &amp; International Business Affairs)<br \/>David Reinecke (CFO)<br \/>\nMoritz Schwenkow (CTTO)<\/p>\n<p><strong>Kontakt<\/strong><br \/>\nDEAG Deutsche Entertainment Aktiengesellschaft<br \/>\nPotsdamer Stra\u00dfe 58<br \/>\n10785 Berlin<br \/>\nTelefon: +49 30 81075-0<br \/>\nFax: +49 30 81075-519<br \/>\nE-Mail: <a href=\"mailto:info@deag.de\">info@deag.de<\/a><\/p>\n<\/p>\n<p><strong>Allgemeine Hinweise f\u00fcr Veranstaltungsbesuche<\/strong><\/p>\n<ol>\n<li>Anfahrt<\/li>\n<\/ol>\n<p>Das Betreten des Veranstaltungsortes sowie das Parken erfolgt grunds\u00e4tzlich auf eigene Gefahr. Bitte beachten Sie die Hinweise der Ordnungskr\u00e4fte. Es wird gebeten, m\u00f6glichst \u00f6ffentliche Verkehrsmittel zu benutzen.<\/p>\n<ol start=\"2\">\n<li>Einlass<br \/>\nDie Eintrittskarte berechtigt zum einmaligen Besuch der auf der Karte genannten Veranstaltung. Beim Verlassen des Veranstaltungsortes verliert die Eintrittskarte ihre G\u00fcltigkeit.<br \/>\nBeim Einlass findet unter Umst\u00e4nden eine Sicherheitskontrolle statt. Der Ordnungsdienst ist angewiesen, Leibesvisitationen vorzunehmen. Das Recht, den Einlass aus wichtigem Grund (gegen R\u00fcckerstattung des Preises der Eintrittskarte) zu verwehren, bleibt dem Veranstalter vorbehalten.<\/li>\n<\/ol>\n<ol start=\"3\">\n<li>Altersbegrenzung<br \/>\nKonzerte k\u00f6nnen als \u00f6ffentliche Tanzveranstaltung im Sinne des Jugendschutzgesetzes angesehen werden, weil meistens die M\u00f6glichkeit zum Tanzen besteht. Ist dies der Fall d\u00fcrfen Jugendliche unter 16 Jahren nur in Begleitung einer personensorgeberechtigten Person oder einer erziehungsbeauftragten Person die Tanzveranstaltung (Gro\u00dfraumveranstaltung) besuchen. Jugendliche ab 16 Jahren d\u00fcrfen sich dort allein nur bis 24 Uhr aufhalten. Ob eine Veranstaltung als Tanzveranstaltung oder als Konzert, das auch von unter 16-J\u00e4hrigen besucht werden darf, eingestuft wird, erfahren Sie bei Ihrem zust\u00e4ndigen Jugendamt.<\/li>\n<\/ol>\n<ol start=\"4\">\n<li>Lautst\u00e4rke<br \/>\nBei Konzerten kann aufgrund der Lautst\u00e4rke die Gefahr von H\u00f6r- und Gesundheitssch\u00e4den bestehen. Der Veranstalter stellt daher Ohrst\u00f6psel zum Selbstkostenpreis an der Abendkasse zur Verf\u00fcgung. Das Anh\u00f6ren des Konzertes ohne Ohrsch\u00fctzer erfolgt auf eigene Gefahr.<\/li>\n<\/ol>\n<ol start=\"5\">\n<li>Hausordnung<br \/>\nDie Hausordnung der jeweiligen Veranstaltungsst\u00e4tte und die Hinweise und Anordnungen der Ordnungskr\u00e4fte sind zu beachten. Das Betreten des B\u00fchnenbereiches sowie das Besteigen von Absperrungen ist Unbefugten untersagt. Bei Zuwiderhandlungen kann auf Anordnung des Veranstalters eine Verweisung vom Veranstaltungsort erfolgen.<\/li>\n<\/ol>\n<ol start=\"6\">\n<li>Verbotene Gegenst\u00e4nde<\/li>\n<\/ol>\n<p>Das Mitbringen von Glasbeh\u00e4ltern, Dosen, Tonbandger\u00e4ten, Film- und Videokameras, sperrigen Gegenst\u00e4nden, K\u00fchltaschen, pyrotechnischen Gegenst\u00e4nden, Fackeln, Wunderkerzen, Waffen und \u00e4hnlich gef\u00e4hrlichen Gegenst\u00e4nden sowie Tieren ist untersagt. Bei Nichtbeachtung und Nichteinhaltung dieses Verbotes erfolgt der Verweis vom Veranstaltungsort.<\/p>\n<ol start=\"7\">\n<li>Verbot von Film- und Tonaufnahmen<\/li>\n<\/ol>\n<p>Ton-, Film- und Videoaufnahmen &#8211; auch f\u00fcr den privaten Gebrauch &#8211; sind untersagt.<\/p>\n<ol start=\"8\">\n<li>Ausfall oder Verlegung der Veranstaltung<\/li>\n<\/ol>\n<p>\u00dcber Ausf\u00e4lle, Verlegungen und \u00c4nderungen von Veranstaltungen bitten wir Sie, sich regelm\u00e4\u00dfig hier auf unserer Homepage zu informieren. Bitte beachten Sie aber auch Presse-, Funk- und Fernsehmeldungen im Vorfeld Ihrer gew\u00fcnschten Veranstaltung.<\/p>\n<p>Eine R\u00fccknahme bereits gekaufter Karten erfolgt grunds\u00e4tzlich ausschlie\u00dflich bei der Vorverkaufsstelle, bei der Sie die Karten erworben haben.<\/p>\n<\/div><\/div><\/div><\/div><\/div><\/p>\n","protected":false},"excerpt":{"rendered":"","protected":false},"author":1,"featured_media":0,"parent":0,"menu_order":0,"comment_status":"closed","ping_status":"closed","template":"100-width.php","meta":{"footnotes":""},"class_list":["post-1673","page","type-page","status-publish","hentry"],"yoast_head":"<!-- This site is optimized with the Yoast SEO plugin v27.4 - https:\/\/yoast.com\/product\/yoast-seo-wordpress\/ -->\n<title>Impressum - DEAG Entertainment<\/title>\n<meta name=\"robots\" content=\"index, follow, max-snippet:-1, max-image-preview:large, max-video-preview:-1\" \/>\n<link rel=\"canonical\" href=\"https:\/\/www.deag.de\/en\/imprint\/\" \/>\n<meta property=\"og:locale\" content=\"en_US\" \/>\n<meta property=\"og:type\" content=\"article\" \/>\n<meta property=\"og:title\" content=\"Impressum - DEAG Entertainment\" \/>\n<meta property=\"og:url\" content=\"https:\/\/www.deag.de\/en\/imprint\/\" \/>\n<meta property=\"og:site_name\" content=\"DEAG Entertainment\" \/>\n<meta property=\"article:modified_time\" content=\"2025-06-18T10:17:43+00:00\" \/>\n<meta name=\"twitter:card\" content=\"summary_large_image\" \/>\n<meta name=\"twitter:label1\" content=\"Est. reading time\" \/>\n\t<meta name=\"twitter:data1\" content=\"5 minutes\" \/>\n<script type=\"application\/ld+json\" class=\"yoast-schema-graph\">{\"@context\":\"https:\\\/\\\/schema.org\",\"@graph\":[{\"@type\":\"WebPage\",\"@id\":\"https:\\\/\\\/www.deag.de\\\/en\\\/imprint\\\/\",\"url\":\"https:\\\/\\\/www.deag.de\\\/en\\\/imprint\\\/\",\"name\":\"Impressum - DEAG Entertainment\",\"isPartOf\":{\"@id\":\"https:\\\/\\\/www.deag.de\\\/#website\"},\"datePublished\":\"2022-10-07T14:27:16+00:00\",\"dateModified\":\"2025-06-18T10:17:43+00:00\",\"breadcrumb\":{\"@id\":\"https:\\\/\\\/www.deag.de\\\/en\\\/imprint\\\/#breadcrumb\"},\"inLanguage\":\"en-US\",\"potentialAction\":[{\"@type\":\"ReadAction\",\"target\":[\"https:\\\/\\\/www.deag.de\\\/en\\\/imprint\\\/\"]}]},{\"@type\":\"BreadcrumbList\",\"@id\":\"https:\\\/\\\/www.deag.de\\\/en\\\/imprint\\\/#breadcrumb\",\"itemListElement\":[{\"@type\":\"ListItem\",\"position\":1,\"name\":\"Home\",\"item\":\"https:\\\/\\\/www.deag.de\\\/en\\\/\"},{\"@type\":\"ListItem\",\"position\":2,\"name\":\"Impressum\"}]},{\"@type\":\"WebSite\",\"@id\":\"https:\\\/\\\/www.deag.de\\\/#website\",\"url\":\"https:\\\/\\\/www.deag.de\\\/\",\"name\":\"DEAG Entertainment\",\"description\":\"\",\"potentialAction\":[{\"@type\":\"SearchAction\",\"target\":{\"@type\":\"EntryPoint\",\"urlTemplate\":\"https:\\\/\\\/www.deag.de\\\/?s={search_term_string}\"},\"query-input\":{\"@type\":\"PropertyValueSpecification\",\"valueRequired\":true,\"valueName\":\"search_term_string\"}}],\"inLanguage\":\"en-US\"}]}<\/script>\n<!-- \/ Yoast SEO plugin. -->","yoast_head_json":{"title":"Impressum - DEAG Entertainment","robots":{"index":"index","follow":"follow","max-snippet":"max-snippet:-1","max-image-preview":"max-image-preview:large","max-video-preview":"max-video-preview:-1"},"canonical":"https:\/\/www.deag.de\/en\/imprint\/","og_locale":"en_US","og_type":"article","og_title":"Impressum - DEAG Entertainment","og_url":"https:\/\/www.deag.de\/en\/imprint\/","og_site_name":"DEAG Entertainment","article_modified_time":"2025-06-18T10:17:43+00:00","twitter_card":"summary_large_image","twitter_misc":{"Est. reading time":"5 minutes"},"schema":{"@context":"https:\/\/schema.org","@graph":[{"@type":"WebPage","@id":"https:\/\/www.deag.de\/en\/imprint\/","url":"https:\/\/www.deag.de\/en\/imprint\/","name":"Impressum - DEAG Entertainment","isPartOf":{"@id":"https:\/\/www.deag.de\/#website"},"datePublished":"2022-10-07T14:27:16+00:00","dateModified":"2025-06-18T10:17:43+00:00","breadcrumb":{"@id":"https:\/\/www.deag.de\/en\/imprint\/#breadcrumb"},"inLanguage":"en-US","potentialAction":[{"@type":"ReadAction","target":["https:\/\/www.deag.de\/en\/imprint\/"]}]},{"@type":"BreadcrumbList","@id":"https:\/\/www.deag.de\/en\/imprint\/#breadcrumb","itemListElement":[{"@type":"ListItem","position":1,"name":"Home","item":"https:\/\/www.deag.de\/en\/"},{"@type":"ListItem","position":2,"name":"Impressum"}]},{"@type":"WebSite","@id":"https:\/\/www.deag.de\/#website","url":"https:\/\/www.deag.de\/","name":"DEAG Entertainment","description":"","potentialAction":[{"@type":"SearchAction","target":{"@type":"EntryPoint","urlTemplate":"https:\/\/www.deag.de\/?s={search_term_string}"},"query-input":{"@type":"PropertyValueSpecification","valueRequired":true,"valueName":"search_term_string"}}],"inLanguage":"en-US"}]}},"_links":{"self":[{"href":"https:\/\/www.deag.de\/en\/wp-json\/wp\/v2\/pages\/1673","targetHints":{"allow":["GET"]}}],"collection":[{"href":"https:\/\/www.deag.de\/en\/wp-json\/wp\/v2\/pages"}],"about":[{"href":"https:\/\/www.deag.de\/en\/wp-json\/wp\/v2\/types\/page"}],"author":[{"embeddable":true,"href":"https:\/\/www.deag.de\/en\/wp-json\/wp\/v2\/users\/1"}],"replies":[{"embeddable":true,"href":"https:\/\/www.deag.de\/en\/wp-json\/wp\/v2\/comments?post=1673"}],"version-history":[{"count":9,"href":"https:\/\/www.deag.de\/en\/wp-json\/wp\/v2\/pages\/1673\/revisions"}],"predecessor-version":[{"id":14256,"href":"https:\/\/www.deag.de\/en\/wp-json\/wp\/v2\/pages\/1673\/revisions\/14256"}],"wp:attachment":[{"href":"https:\/\/www.deag.de\/en\/wp-json\/wp\/v2\/media?parent=1673"}],"curies":[{"name":"wp","href":"https:\/\/api.w.org\/{rel}","templated":true}]}}