{"id":3350,"date":"2022-11-04T11:23:53","date_gmt":"2022-11-04T11:23:53","guid":{"rendered":"http:\/\/www.deag.de\/vincent-wobbe\/"},"modified":"2024-06-27T11:20:03","modified_gmt":"2024-06-27T11:20:03","slug":"vincent-wobbe","status":"publish","type":"page","link":"https:\/\/www.deag.de\/en\/investor-relations\/company\/supervisory-board\/vincent-wobbe\/","title":{"rendered":"Vincent Wobbe"},"content":{"rendered":"<p><div class=\"fusion-fullwidth fullwidth-box fusion-builder-row-1 fusion-flex-container has-pattern-background has-mask-background nonhundred-percent-fullwidth non-hundred-percent-height-scrolling\" style=\"--awb-border-radius-top-left:0px;--awb-border-radius-top-right:0px;--awb-border-radius-bottom-right:0px;--awb-border-radius-bottom-left:0px;--awb-margin-top:10px;--awb-flex-wrap:wrap;\" ><div class=\"fusion-builder-row fusion-row fusion-flex-align-items-flex-start fusion-flex-content-wrap\" style=\"max-width:1372.8px;margin-left: calc(-4% \/ 2 );margin-right: calc(-4% \/ 2 );\"><div class=\"fusion-layout-column fusion_builder_column fusion-builder-column-0 fusion_builder_column_1_1 1_1 fusion-flex-column\" style=\"--awb-padding-top:30px;--awb-padding-bottom:30px;--awb-padding-top-medium:20px;--awb-padding-top-small:40px;--awb-padding-bottom-small:20px;--awb-bg-size:cover;--awb-width-large:100%;--awb-margin-top-large:0px;--awb-spacing-right-large:1.92%;--awb-margin-bottom-large:20px;--awb-spacing-left-large:1.92%;--awb-width-medium:100%;--awb-order-medium:0;--awb-margin-top-medium:30px;--awb-spacing-right-medium:1.92%;--awb-spacing-left-medium:1.92%;--awb-width-small:100%;--awb-order-small:0;--awb-margin-top-small:15px;--awb-spacing-right-small:1.92%;--awb-spacing-left-small:1.92%;\"><div class=\"fusion-column-wrapper fusion-column-has-shadow fusion-flex-justify-content-flex-start fusion-content-layout-column\"><nav class=\"fusion-breadcrumbs awb-yoast-breadcrumbs fusion-breadcrumbs-1 deag-breadcrumb\" style=\"--awb-alignment:left;--awb-text-color:var(--awb-color7);--awb-breadcrumb-sep:&#039;\/&#039;;text-align:left;\" aria-label=\"Breadcrumb\"><ol class=\"awb-breadcrumb-list\"><\/ol><\/nav><script>\njQuery( \".deag-breadcrumb .fusion-breadcrumb-sep\" ).addClass( \"fa-arrow-right fas button-icon-center\" );\n<\/script> <\/div><\/div><\/div><\/div>\n<div class=\"fusion-fullwidth fullwidth-box fusion-builder-row-2 fusion-flex-container nonhundred-percent-fullwidth non-hundred-percent-height-scrolling\" style=\"--awb-border-radius-top-left:0px;--awb-border-radius-top-right:0px;--awb-border-radius-bottom-right:0px;--awb-border-radius-bottom-left:0px;--awb-padding-top:50px;--awb-padding-bottom:40px;--awb-padding-top-medium:40px;--awb-padding-bottom-medium:40px;--awb-margin-top:0px;--awb-background-color:#f9f9f9;--awb-flex-wrap:wrap;\" ><div class=\"fusion-builder-row fusion-row fusion-flex-align-items-flex-start fusion-flex-content-wrap\" style=\"max-width:1372.8px;margin-left: calc(-4% \/ 2 );margin-right: calc(-4% \/ 2 );\"><div class=\"fusion-layout-column fusion_builder_column fusion-builder-column-1 fusion_builder_column_1_3 1_3 fusion-flex-column\" style=\"--awb-bg-size:cover;--awb-width-large:33.333333333333%;--awb-margin-top-large:0px;--awb-spacing-right-large:0px;--awb-margin-bottom-large:20px;--awb-spacing-left-large:5.76%;--awb-width-medium:33.333333333333%;--awb-order-medium:0;--awb-spacing-right-medium:0px;--awb-spacing-left-medium:5.76%;--awb-width-small:100%;--awb-order-small:0;--awb-spacing-right-small:1.92%;--awb-spacing-left-small:1.92%;\"><div class=\"fusion-column-wrapper fusion-column-has-shadow fusion-flex-justify-content-flex-start fusion-content-layout-column\"><div class=\"fusion-image-element md-text-align-left\" style=\"text-align:center;--awb-aspect-ratio:1 \/ 1;--awb-object-position:38% 25%;--awb-max-width:334px;--awb-caption-title-font-family:var(--h2_typography-font-family);--awb-caption-title-font-weight:var(--h2_typography-font-weight);--awb-caption-title-font-style:var(--h2_typography-font-style);--awb-caption-title-size:var(--h2_typography-font-size);--awb-caption-title-transform:var(--h2_typography-text-transform);--awb-caption-title-line-height:var(--h2_typography-line-height);--awb-caption-title-letter-spacing:var(--h2_typography-letter-spacing);\"><div style=\"display:inline-block;width:334px;\"><span class=\" fusion-imageframe imageframe-none imageframe-1 hover-type-none has-aspect-ratio\"><img decoding=\"async\" width=\"360\" height=\"344\" title=\"vincent_wobbe_teaser\" src=\"https:\/\/www.deag.de\/app\/uploads\/2022\/11\/vincent_wobbe_teaser.jpg\" data-orig-src=\"http:\/\/www.deag.de\/app\/uploads\/2022\/11\/vincent_wobbe_teaser.jpg\" class=\"lazyload img-responsive wp-image-3266 img-with-aspect-ratio\" data-parent-fit=\"cover\" data-parent-container=\".fusion-image-element\" alt srcset=\"data:image\/svg+xml,%3Csvg%20xmlns%3D%27http%3A%2F%2Fwww.w3.org%2F2000%2Fsvg%27%20width%3D%27360%27%20height%3D%27344%27%20viewBox%3D%270%200%20360%20344%27%3E%3Crect%20width%3D%27360%27%20height%3D%27344%27%20fill-opacity%3D%220%22%2F%3E%3C%2Fsvg%3E\" data-srcset=\"https:\/\/www.deag.de\/app\/uploads\/2022\/11\/vincent_wobbe_teaser-200x191.jpg 200w, https:\/\/www.deag.de\/app\/uploads\/2022\/11\/vincent_wobbe_teaser.jpg 360w\" data-sizes=\"auto\" data-orig-sizes=\"(max-width: 767px) 100vw, 360px\" \/><\/span><\/div><\/div><\/div><\/div><div class=\"fusion-layout-column fusion_builder_column fusion-builder-column-2 fusion_builder_column_2_3 2_3 fusion-flex-column fusion-flex-align-self-flex-start\" style=\"--awb-padding-bottom:0px;--awb-padding-left:0px;--awb-padding-left-small:0px;--awb-bg-size:cover;--awb-width-large:66.666666666667%;--awb-margin-top-large:0px;--awb-spacing-right-large:2.88%;--awb-margin-bottom-large:20px;--awb-spacing-left-large:0px;--awb-width-medium:66.666666666667%;--awb-order-medium:0;--awb-spacing-right-medium:2.88%;--awb-spacing-left-medium:25px;--awb-width-small:100%;--awb-order-small:0;--awb-spacing-right-small:1.92%;--awb-spacing-left-small:1.92%;\"><div class=\"fusion-column-wrapper fusion-column-has-shadow fusion-flex-justify-content-flex-start fusion-content-layout-block\"><div class=\"fusion-text fusion-text-1 fusion-text-no-margin\" style=\"--awb-content-alignment:left;--awb-font-size:23px;--awb-line-height:var(--awb-typography3-line-height);--awb-letter-spacing:var(--awb-typography3-letter-spacing);--awb-text-transform:var(--awb-typography3-text-transform);--awb-text-color:var(--awb-color3);--awb-margin-top:30px;--awb-margin-bottom:0px;--awb-margin-left:20px;--awb-text-font-family:&quot;Montserrat&quot;;\"><p><span class=\"person-name\">Vincent Wobbe<\/span><\/p>\n<\/div><div class=\"fusion-text fusion-text-2\" style=\"--awb-content-alignment:left;--awb-font-size:20px;--awb-line-height:var(--awb-typography4-line-height);--awb-letter-spacing:var(--awb-typography4-letter-spacing);--awb-text-transform:capitalize;--awb-text-color:var(--awb-color4);--awb-margin-top:0px;--awb-margin-left:20px;--awb-text-font-family:var(--awb-typography4-font-family);--awb-text-font-weight:var(--awb-typography4-font-weight);--awb-text-font-style:var(--awb-typography4-font-style);\"><div>Supervisory Board<\/div>\n<\/div><div class=\"fusion-text fusion-text-3\" style=\"--awb-content-alignment:left;--awb-font-size:18px;--awb-line-height:1.6;--awb-text-color:var(--awb-color2);--awb-margin-top:20px;--awb-margin-left:20px;--awb-text-font-family:var(--awb-typography4-font-family);--awb-text-font-weight:var(--awb-typography4-font-weight);--awb-text-font-style:var(--awb-typography4-font-style);\"><div>\n<p>Investment Professional<br \/>\nYear of Birth: 1986<br \/>\nNationality: German<\/p>\n<\/div>\n<\/div><\/div><\/div><\/div><\/div><div class=\"fusion-fullwidth fullwidth-box fusion-builder-row-3 fusion-flex-container nonhundred-percent-fullwidth non-hundred-percent-height-scrolling\" style=\"--awb-border-radius-top-left:0px;--awb-border-radius-top-right:0px;--awb-border-radius-bottom-right:0px;--awb-border-radius-bottom-left:0px;--awb-flex-wrap:wrap;\" ><div class=\"fusion-builder-row fusion-row fusion-flex-align-items-flex-start fusion-flex-content-wrap\" style=\"max-width:1372.8px;margin-left: calc(-4% \/ 2 );margin-right: calc(-4% \/ 2 );\"><div class=\"fusion-layout-column fusion_builder_column fusion-builder-column-3 fusion_builder_column_1_3 1_3 fusion-flex-column\" style=\"--awb-bg-size:cover;--awb-width-large:33.333333333333%;--awb-margin-top-large:0px;--awb-spacing-right-large:5.76%;--awb-margin-bottom-large:20px;--awb-spacing-left-large:5.76%;--awb-width-medium:33.333333333333%;--awb-order-medium:0;--awb-spacing-right-medium:5.76%;--awb-spacing-left-medium:5.76%;--awb-width-small:100%;--awb-order-small:0;--awb-spacing-right-small:1.92%;--awb-spacing-left-small:1.92%;\"><div class=\"fusion-column-wrapper fusion-column-has-shadow fusion-flex-justify-content-flex-start fusion-content-layout-column\"><\/div><\/div><div class=\"fusion-layout-column fusion_builder_column fusion-builder-column-4 fusion_builder_column_2_3 2_3 fusion-flex-column\" style=\"--awb-bg-size:cover;--awb-width-large:66.666666666667%;--awb-margin-top-large:0px;--awb-spacing-right-large:2.88%;--awb-margin-bottom-large:20px;--awb-spacing-left-large:2.88%;--awb-width-medium:66.666666666667%;--awb-order-medium:0;--awb-spacing-right-medium:2.88%;--awb-spacing-left-medium:2.88%;--awb-width-small:100%;--awb-order-small:0;--awb-spacing-right-small:1.92%;--awb-spacing-left-small:1.92%;\"><div class=\"fusion-column-wrapper fusion-column-has-shadow fusion-flex-justify-content-flex-start fusion-content-layout-column\"><\/div><\/div><\/div><\/div><div class=\"fusion-fullwidth fullwidth-box fusion-builder-row-4 fusion-flex-container nonhundred-percent-fullwidth non-hundred-percent-height-scrolling\" style=\"--awb-border-radius-top-left:0px;--awb-border-radius-top-right:0px;--awb-border-radius-bottom-right:0px;--awb-border-radius-bottom-left:0px;--awb-margin-top:30px;--awb-flex-wrap:wrap;\" ><div class=\"fusion-builder-row fusion-row fusion-flex-align-items-flex-start fusion-flex-content-wrap\" style=\"max-width:1372.8px;margin-left: calc(-4% \/ 2 );margin-right: calc(-4% \/ 2 );\"><div class=\"fusion-layout-column fusion_builder_column fusion-builder-column-5 fusion_builder_column_1_3 1_3 fusion-flex-column\" style=\"--awb-bg-size:cover;--awb-width-large:33.333333333333%;--awb-margin-top-large:0px;--awb-spacing-right-large:5.76%;--awb-margin-bottom-large:20px;--awb-spacing-left-large:5.76%;--awb-width-medium:33.333333333333%;--awb-order-medium:0;--awb-spacing-right-medium:5.76%;--awb-spacing-left-medium:5.76%;--awb-width-small:100%;--awb-order-small:0;--awb-spacing-right-small:1.92%;--awb-spacing-left-small:1.92%;\"><div class=\"fusion-column-wrapper fusion-column-has-shadow fusion-flex-justify-content-flex-start fusion-content-layout-column\"><div class=\"fusion-text fusion-text-4\" style=\"--awb-text-transform:capitalize;--awb-text-font-family:&quot;Montserrat&quot;;--awb-text-font-style:normal;--awb-text-font-weight:400;\"><\/div><\/div><\/div><div class=\"fusion-layout-column fusion_builder_column fusion-builder-column-6 fusion_builder_column_2_3 2_3 fusion-flex-column\" style=\"--awb-bg-size:cover;--awb-width-large:66.666666666667%;--awb-margin-top-large:0px;--awb-spacing-right-large:2.88%;--awb-margin-bottom-large:20px;--awb-spacing-left-large:2.88%;--awb-width-medium:66.666666666667%;--awb-order-medium:0;--awb-spacing-right-medium:2.88%;--awb-spacing-left-medium:2.88%;--awb-width-small:100%;--awb-order-small:0;--awb-spacing-right-small:1.92%;--awb-spacing-left-small:1.92%;\"><div class=\"fusion-column-wrapper fusion-column-has-shadow fusion-flex-justify-content-flex-start fusion-content-layout-column\"><div class=\"fusion-text fusion-text-5\" style=\"--awb-text-font-family:&quot;Montserrat&quot;;--awb-text-font-style:normal;--awb-text-font-weight:400;\"><p>Vincent Wobbe is a corporate finance professional with extensive experience in capital raising and corporate development. Mr Wobbe started his career in 2010 in corporate finance at Soci\u00e9t\u00e9 G\u00e9n\u00e9rale Corporate and Investment Banking until he joined BNP Paribas Corporate and Institutional Banking in 2014. From 2016 to 2019, Mr Wobbe worked for Deutsche Bank Aktiengesellschaft in London, where he led numerous capital markets transactions for pan-European issuers. In 2020, Mr Wobbe joined Apeiron Investment Group Ltd. as Head of Public Markets Investments and Co-Head of the Equity Capital Markets team.<\/p>\n<\/div><div ><a class=\"fusion-button button-flat fusion-button-default-size button-custom fusion-button-default button-1 fusion-button-default-span fusion-button-default-type\" style=\"--button_accent_color:var(--awb-color1);--button_accent_hover_color:var(--awb-color1);--button_border_hover_color:var(--awb-color1);--button_gradient_top_color:var(--awb-color3);--button_gradient_bottom_color:var(--awb-color3);--button_gradient_top_color_hover:var(--awb-color5);--button_gradient_bottom_color_hover:var(--awb-color5);--button_text_transform:none;\" target=\"_blank\" rel=\"noopener noreferrer\" href=\"http:\/\/www.deag.de\/app\/uploads\/2022\/11\/2022-07_CV_Vincent_Wobbe_EN_fV.pdf\"><i class=\"fa-angle-right fas awb-button__icon awb-button__icon--default button-icon-left\" aria-hidden=\"true\"><\/i><span class=\"fusion-button-text awb-button__text awb-button__text--default\">Resume<\/span><\/a><\/div><\/div><\/div><\/div><\/div><div class=\"fusion-fullwidth fullwidth-box fusion-builder-row-5 fusion-flex-container nonhundred-percent-fullwidth non-hundred-percent-height-scrolling\" style=\"--awb-border-radius-top-left:0px;--awb-border-radius-top-right:0px;--awb-border-radius-bottom-right:0px;--awb-border-radius-bottom-left:0px;--awb-padding-bottom:30px;--awb-margin-top:30px;--awb-margin-bottom:100px;--awb-background-color:var(--awb-custom_color_1);--awb-flex-wrap:wrap;\" ><div class=\"fusion-builder-row fusion-row fusion-flex-align-items-flex-start fusion-flex-content-wrap\" style=\"max-width:1372.8px;margin-left: calc(-4% \/ 2 );margin-right: calc(-4% \/ 2 );\"><div class=\"fusion-layout-column fusion_builder_column fusion-builder-column-7 fusion_builder_column_1_3 1_3 fusion-flex-column fusion-flex-align-self-flex-start\" style=\"--awb-bg-size:cover;--awb-width-large:33.333333333333%;--awb-margin-top-large:40px;--awb-spacing-right-large:5.76%;--awb-margin-bottom-large:0px;--awb-spacing-left-large:150px;--awb-width-medium:33.333333333333%;--awb-order-medium:0;--awb-spacing-right-medium:5.76%;--awb-spacing-left-medium:150px;--awb-width-small:100%;--awb-order-small:0;--awb-spacing-right-small:1.92%;--awb-spacing-left-small:1.92%;\"><div class=\"fusion-column-wrapper fusion-column-has-shadow fusion-flex-justify-content-flex-start fusion-content-layout-column\"><div class=\"fusion-text fusion-text-6\" style=\"--awb-font-size:20px;--awb-text-color:var(--awb-color5);--awb-text-font-family:var(--awb-typography2-font-family);--awb-text-font-weight:var(--awb-typography2-font-weight);--awb-text-font-style:var(--awb-typography2-font-style);\"><p>CURRENT MANDATES<\/p>\n<\/div><\/div><\/div><div class=\"fusion-layout-column fusion_builder_column fusion-builder-column-8 fusion_builder_column_2_3 2_3 fusion-flex-column\" style=\"--awb-bg-size:cover;--awb-width-large:66.666666666667%;--awb-margin-top-large:40px;--awb-spacing-right-large:2.88%;--awb-margin-bottom-large:0px;--awb-spacing-left-large:2.88%;--awb-width-medium:66.666666666667%;--awb-order-medium:0;--awb-spacing-right-medium:2.88%;--awb-spacing-left-medium:2.88%;--awb-width-small:100%;--awb-order-small:0;--awb-spacing-right-small:1.92%;--awb-spacing-left-small:1.92%;\"><div class=\"fusion-column-wrapper fusion-column-has-shadow fusion-flex-justify-content-flex-start fusion-content-layout-column\"><div class=\"fusion-text fusion-text-7\" style=\"--awb-text-font-family:var(--awb-typography4-font-family);--awb-text-font-weight:var(--awb-typography4-font-weight);--awb-text-font-style:var(--awb-typography4-font-style);\"><p>DEAG Deutsche Entertainment Aktiengesellschaft, Berlin<br \/>\nMember of the Supervisory Board since 06-2022<\/p>\n<p>029 Group SE, Berlin<br \/>\nMember of the Administrative Board (Chairman) since 06-2022<\/p>\n<p>Mynaric AG, Gilching<br \/>\nMember of the Supervisory Board since 07-2021<\/p>\n<p>nextmarkets AG, K\u00f6ln<br \/>\nMember of the Supervisory Board since 12-2020<\/p>\n<\/div><div class=\"fusion-text fusion-text-8\" style=\"--awb-content-alignment:left;--awb-font-size:12px;--awb-text-color:var(--awb-color2);--awb-text-font-family:var(--awb-typography5-font-family);--awb-text-font-weight:var(--awb-typography5-font-weight);--awb-text-font-style:var(--awb-typography5-font-style);\"><p>Last update 06\/2024<\/p>\n<\/div><\/div><\/div><\/div><\/div><\/p>\n","protected":false},"excerpt":{"rendered":"","protected":false},"author":2,"featured_media":0,"parent":1900,"menu_order":0,"comment_status":"closed","ping_status":"closed","template":"100-width.php","meta":{"footnotes":""},"class_list":["post-3350","page","type-page","status-publish","hentry"],"yoast_head":"<!-- This site is optimized with the Yoast SEO plugin v26.9 - https:\/\/yoast.com\/product\/yoast-seo-wordpress\/ -->\n<title>Vincent Wobbe - DEAG Entertainment<\/title>\n<meta name=\"robots\" content=\"index, follow, max-snippet:-1, max-image-preview:large, max-video-preview:-1\" \/>\n<link rel=\"canonical\" href=\"https:\/\/www.deag.de\/en\/investor-relations\/company\/supervisory-board\/vincent-wobbe\/\" \/>\n<meta property=\"og:locale\" content=\"en_US\" \/>\n<meta property=\"og:type\" content=\"article\" \/>\n<meta property=\"og:title\" content=\"Vincent Wobbe - DEAG Entertainment\" \/>\n<meta property=\"og:url\" content=\"https:\/\/www.deag.de\/en\/investor-relations\/company\/supervisory-board\/vincent-wobbe\/\" \/>\n<meta property=\"og:site_name\" content=\"DEAG Entertainment\" \/>\n<meta property=\"article:modified_time\" content=\"2024-06-27T11:20:03+00:00\" \/>\n<meta name=\"twitter:card\" content=\"summary_large_image\" \/>\n<meta name=\"twitter:label1\" content=\"Est. reading time\" \/>\n\t<meta name=\"twitter:data1\" content=\"14 minutes\" \/>\n<script type=\"application\/ld+json\" class=\"yoast-schema-graph\">{\"@context\":\"https:\/\/schema.org\",\"@graph\":[{\"@type\":\"WebPage\",\"@id\":\"https:\/\/www.deag.de\/en\/investor-relations\/company\/supervisory-board\/vincent-wobbe\/\",\"url\":\"https:\/\/www.deag.de\/en\/investor-relations\/company\/supervisory-board\/vincent-wobbe\/\",\"name\":\"Vincent Wobbe - DEAG Entertainment\",\"isPartOf\":{\"@id\":\"https:\/\/www.deag.de\/#website\"},\"datePublished\":\"2022-11-04T11:23:53+00:00\",\"dateModified\":\"2024-06-27T11:20:03+00:00\",\"breadcrumb\":{\"@id\":\"https:\/\/www.deag.de\/en\/investor-relations\/company\/supervisory-board\/vincent-wobbe\/#breadcrumb\"},\"inLanguage\":\"en-US\",\"potentialAction\":[{\"@type\":\"ReadAction\",\"target\":[\"https:\/\/www.deag.de\/en\/investor-relations\/company\/supervisory-board\/vincent-wobbe\/\"]}]},{\"@type\":\"BreadcrumbList\",\"@id\":\"https:\/\/www.deag.de\/en\/investor-relations\/company\/supervisory-board\/vincent-wobbe\/#breadcrumb\",\"itemListElement\":[{\"@type\":\"ListItem\",\"position\":1,\"name\":\"Home\",\"item\":\"https:\/\/www.deag.de\/en\/\"},{\"@type\":\"ListItem\",\"position\":2,\"name\":\"Investor Relations\",\"item\":\"https:\/\/www.deag.de\/en\/investor-relations\/\"},{\"@type\":\"ListItem\",\"position\":3,\"name\":\"Company\",\"item\":\"https:\/\/www.deag.de\/en\/investor-relations\/company\/\"},{\"@type\":\"ListItem\",\"position\":4,\"name\":\"Supervisory Board\",\"item\":\"https:\/\/www.deag.de\/en\/investor-relations\/company\/supervisory-board\/\"},{\"@type\":\"ListItem\",\"position\":5,\"name\":\"Vincent Wobbe\"}]},{\"@type\":\"WebSite\",\"@id\":\"https:\/\/www.deag.de\/#website\",\"url\":\"https:\/\/www.deag.de\/\",\"name\":\"DEAG Entertainment\",\"description\":\"\",\"potentialAction\":[{\"@type\":\"SearchAction\",\"target\":{\"@type\":\"EntryPoint\",\"urlTemplate\":\"https:\/\/www.deag.de\/?s={search_term_string}\"},\"query-input\":{\"@type\":\"PropertyValueSpecification\",\"valueRequired\":true,\"valueName\":\"search_term_string\"}}],\"inLanguage\":\"en-US\"}]}<\/script>\n<!-- \/ Yoast SEO plugin. -->","yoast_head_json":{"title":"Vincent Wobbe - DEAG Entertainment","robots":{"index":"index","follow":"follow","max-snippet":"max-snippet:-1","max-image-preview":"max-image-preview:large","max-video-preview":"max-video-preview:-1"},"canonical":"https:\/\/www.deag.de\/en\/investor-relations\/company\/supervisory-board\/vincent-wobbe\/","og_locale":"en_US","og_type":"article","og_title":"Vincent Wobbe - DEAG Entertainment","og_url":"https:\/\/www.deag.de\/en\/investor-relations\/company\/supervisory-board\/vincent-wobbe\/","og_site_name":"DEAG Entertainment","article_modified_time":"2024-06-27T11:20:03+00:00","twitter_card":"summary_large_image","twitter_misc":{"Est. reading time":"14 minutes"},"schema":{"@context":"https:\/\/schema.org","@graph":[{"@type":"WebPage","@id":"https:\/\/www.deag.de\/en\/investor-relations\/company\/supervisory-board\/vincent-wobbe\/","url":"https:\/\/www.deag.de\/en\/investor-relations\/company\/supervisory-board\/vincent-wobbe\/","name":"Vincent Wobbe - DEAG Entertainment","isPartOf":{"@id":"https:\/\/www.deag.de\/#website"},"datePublished":"2022-11-04T11:23:53+00:00","dateModified":"2024-06-27T11:20:03+00:00","breadcrumb":{"@id":"https:\/\/www.deag.de\/en\/investor-relations\/company\/supervisory-board\/vincent-wobbe\/#breadcrumb"},"inLanguage":"en-US","potentialAction":[{"@type":"ReadAction","target":["https:\/\/www.deag.de\/en\/investor-relations\/company\/supervisory-board\/vincent-wobbe\/"]}]},{"@type":"BreadcrumbList","@id":"https:\/\/www.deag.de\/en\/investor-relations\/company\/supervisory-board\/vincent-wobbe\/#breadcrumb","itemListElement":[{"@type":"ListItem","position":1,"name":"Home","item":"https:\/\/www.deag.de\/en\/"},{"@type":"ListItem","position":2,"name":"Investor Relations","item":"https:\/\/www.deag.de\/en\/investor-relations\/"},{"@type":"ListItem","position":3,"name":"Company","item":"https:\/\/www.deag.de\/en\/investor-relations\/company\/"},{"@type":"ListItem","position":4,"name":"Supervisory Board","item":"https:\/\/www.deag.de\/en\/investor-relations\/company\/supervisory-board\/"},{"@type":"ListItem","position":5,"name":"Vincent Wobbe"}]},{"@type":"WebSite","@id":"https:\/\/www.deag.de\/#website","url":"https:\/\/www.deag.de\/","name":"DEAG Entertainment","description":"","potentialAction":[{"@type":"SearchAction","target":{"@type":"EntryPoint","urlTemplate":"https:\/\/www.deag.de\/?s={search_term_string}"},"query-input":{"@type":"PropertyValueSpecification","valueRequired":true,"valueName":"search_term_string"}}],"inLanguage":"en-US"}]}},"_links":{"self":[{"href":"https:\/\/www.deag.de\/en\/wp-json\/wp\/v2\/pages\/3350","targetHints":{"allow":["GET"]}}],"collection":[{"href":"https:\/\/www.deag.de\/en\/wp-json\/wp\/v2\/pages"}],"about":[{"href":"https:\/\/www.deag.de\/en\/wp-json\/wp\/v2\/types\/page"}],"author":[{"embeddable":true,"href":"https:\/\/www.deag.de\/en\/wp-json\/wp\/v2\/users\/2"}],"replies":[{"embeddable":true,"href":"https:\/\/www.deag.de\/en\/wp-json\/wp\/v2\/comments?post=3350"}],"version-history":[{"count":14,"href":"https:\/\/www.deag.de\/en\/wp-json\/wp\/v2\/pages\/3350\/revisions"}],"predecessor-version":[{"id":12148,"href":"https:\/\/www.deag.de\/en\/wp-json\/wp\/v2\/pages\/3350\/revisions\/12148"}],"up":[{"embeddable":true,"href":"https:\/\/www.deag.de\/en\/wp-json\/wp\/v2\/pages\/1900"}],"wp:attachment":[{"href":"https:\/\/www.deag.de\/en\/wp-json\/wp\/v2\/media?parent=3350"}],"curies":[{"name":"wp","href":"https:\/\/api.w.org\/{rel}","templated":true}]}}